{"id":4374,"date":"2026-03-23T13:58:27","date_gmt":"2026-03-23T13:58:27","guid":{"rendered":"https:\/\/ralstad.se\/?page_id=4374"},"modified":"2026-04-14T17:40:43","modified_gmt":"2026-04-14T17:40:43","slug":"hemstad","status":"publish","type":"page","link":"https:\/\/ralstad.se\/sv\/hemstad\/","title":{"rendered":"Hemst\u00e4d"},"content":{"rendered":"\t\t<div data-elementor-type=\"wp-page\" data-elementor-id=\"4374\" class=\"elementor elementor-4374\">\n\t\t\t\t\t\t\t\t\t<div class=\"elementor-section elementor-top-section elementor-element elementor-element-bb4fc09 pt-5 pt-sm-0 pb-5 accordion-section under-divider-section elementor-section-boxed elementor-section-height-default elementor-section-height-default\" data-id=\"bb4fc09\" data-element_type=\"section\" data-settings=\"{&quot;background_background&quot;:&quot;classic&quot;,&quot;shape_divider_bottom&quot;:&quot;curve&quot;,&quot;shape_divider_bottom_negative&quot;:&quot;yes&quot;}\">\r\n\t\t\t\t<div class=\"elementor-shape elementor-shape-bottom\" data-negative=\"true\">\r\n\t\t\t<svg xmlns=\"http:\/\/www.w3.org\/2000\/svg\" viewBox=\"0 0 1000 100\" preserveAspectRatio=\"none\">\n\t<path class=\"elementor-shape-fill\" d=\"M500,97C126.7,96.3,0.8,19.8,0,0v100l1000,0V1C1000,19.4,873.3,97.8,500,97z\"\/>\n<\/svg>\t\t<\/div>\r\n\t\t\r\n\t\t\t\t\t\t\t<div class=\"elementor-container elementor-column-gap-no\">\r\n\t\t\t\t\t\t\t\t\t\t\t<div class=\"elementor-column elementor-col-100 elementor-top-column elementor-element elementor-element-7e3c7ae pb-5 m-b-lg\" data-id=\"7e3c7ae\" data-element_type=\"column\">\r\n\t\t\t\t\t<div class=\"elementor-widget-wrap elementor-element-populated\">\r\n\t\t\t\t\t\t\t\t<section class=\"elementor-section elementor-inner-section elementor-element elementor-element-ff360e7 elementor-section-content-middle elementor-section-boxed elementor-section-height-default elementor-section-height-default\" data-id=\"ff360e7\" data-element_type=\"section\" data-settings=\"{&quot;background_background&quot;:&quot;classic&quot;}\">\r\n\t\t\r\n\t\t\t\t\t\t\t<div class=\"elementor-container elementor-column-gap-no\">\r\n\t\t\t\t\t\t\t\t\t\t\t<div class=\"elementor-column elementor-col-50 elementor-inner-column elementor-element elementor-element-50e6cfa mb-0\" data-id=\"50e6cfa\" data-element_type=\"column\">\r\n\t\t\t\t\t<div class=\"elementor-widget-wrap elementor-element-populated\">\r\n\t\t\t\t\t\t\t\t<div class=\"elementor-element elementor-element-b011e83 custom-border customLineAnimation me-3 mb-2 elementor-widget__width-auto elementor-widget-divider--view-line elementor-invisible elementor-widget elementor-widget-divider\" data-id=\"b011e83\" data-element_type=\"widget\" data-settings=\"{&quot;_animation&quot;:&quot;slideInLeft&quot;}\" data-widget_type=\"divider.default\">\n\t\t\t\t<div class=\"elementor-widget-container\">\n\t\t\t<style>\/*! elementor - v3.7.8 - 02-10-2022 *\/\n.elementor-widget-divider{--divider-border-style:none;--divider-border-width:1px;--divider-color:#2c2c2c;--divider-icon-size:20px;--divider-element-spacing:10px;--divider-pattern-height:24px;--divider-pattern-size:20px;--divider-pattern-url:none;--divider-pattern-repeat:repeat-x}.elementor-widget-divider .elementor-divider{display:-webkit-box;display:-ms-flexbox;display:flex}.elementor-widget-divider .elementor-divider__text{font-size:15px;line-height:1;max-width:95%}.elementor-widget-divider .elementor-divider__element{margin:0 var(--divider-element-spacing);-ms-flex-negative:0;flex-shrink:0}.elementor-widget-divider .elementor-icon{font-size:var(--divider-icon-size)}.elementor-widget-divider .elementor-divider-separator{display:-webkit-box;display:-ms-flexbox;display:flex;margin:0;direction:ltr}.elementor-widget-divider--view-line_icon .elementor-divider-separator,.elementor-widget-divider--view-line_text .elementor-divider-separator{-webkit-box-align:center;-ms-flex-align:center;align-items:center}.elementor-widget-divider--view-line_icon .elementor-divider-separator:after,.elementor-widget-divider--view-line_icon .elementor-divider-separator:before,.elementor-widget-divider--view-line_text .elementor-divider-separator:after,.elementor-widget-divider--view-line_text .elementor-divider-separator:before{display:block;content:\"\";border-bottom:0;-webkit-box-flex:1;-ms-flex-positive:1;flex-grow:1;border-top:var(--divider-border-width) var(--divider-border-style) var(--divider-color)}.elementor-widget-divider--element-align-left .elementor-divider .elementor-divider-separator>.elementor-divider__svg:first-of-type{-webkit-box-flex:0;-ms-flex-positive:0;flex-grow:0;-ms-flex-negative:100;flex-shrink:100}.elementor-widget-divider--element-align-left .elementor-divider-separator:before{content:none}.elementor-widget-divider--element-align-left .elementor-divider__element{margin-left:0}.elementor-widget-divider--element-align-right .elementor-divider .elementor-divider-separator>.elementor-divider__svg:last-of-type{-webkit-box-flex:0;-ms-flex-positive:0;flex-grow:0;-ms-flex-negative:100;flex-shrink:100}.elementor-widget-divider--element-align-right .elementor-divider-separator:after{content:none}.elementor-widget-divider--element-align-right .elementor-divider__element{margin-right:0}.elementor-widget-divider:not(.elementor-widget-divider--view-line_text):not(.elementor-widget-divider--view-line_icon) .elementor-divider-separator{border-top:var(--divider-border-width) var(--divider-border-style) var(--divider-color)}.elementor-widget-divider--separator-type-pattern{--divider-border-style:none}.elementor-widget-divider--separator-type-pattern.elementor-widget-divider--view-line .elementor-divider-separator,.elementor-widget-divider--separator-type-pattern:not(.elementor-widget-divider--view-line) .elementor-divider-separator:after,.elementor-widget-divider--separator-type-pattern:not(.elementor-widget-divider--view-line) .elementor-divider-separator:before,.elementor-widget-divider--separator-type-pattern:not([class*=elementor-widget-divider--view]) .elementor-divider-separator{width:100%;min-height:var(--divider-pattern-height);-webkit-mask-size:var(--divider-pattern-size) 100%;mask-size:var(--divider-pattern-size) 100%;-webkit-mask-repeat:var(--divider-pattern-repeat);mask-repeat:var(--divider-pattern-repeat);background-color:var(--divider-color);-webkit-mask-image:var(--divider-pattern-url);mask-image:var(--divider-pattern-url)}.elementor-widget-divider--no-spacing{--divider-pattern-size:auto}.elementor-widget-divider--bg-round{--divider-pattern-repeat:round}.rtl .elementor-widget-divider .elementor-divider__text{direction:rtl}.e-container>.elementor-widget-divider{width:var(--container-widget-width,100%);--flex-grow:var(--container-widget-flex-grow,0)}<\/style>\t\t<div class=\"elementor-divider\">\n\t\t\t<span class=\"elementor-divider-separator\">\n\t\t\t\t\t\t<\/span>\n\t\t<\/div>\n\t\t\t\t<\/div>\n\t\t\t\t<\/div>\n\t\t\t\t<div class=\"elementor-element elementor-element-37e15da mb-2 d-inline-block elementor-widget__width-auto elementor-invisible elementor-widget elementor-widget-heading\" data-id=\"37e15da\" data-element_type=\"widget\" data-settings=\"{&quot;_animation&quot;:&quot;fadeInLeft&quot;,&quot;_animation_delay&quot;:1000}\" data-widget_type=\"heading.default\">\n\t\t\t\t<div class=\"elementor-widget-container\">\n\t\t\t<style>\/*! elementor - v3.7.8 - 02-10-2022 *\/\n.elementor-heading-title{padding:0;margin:0;line-height:1}.elementor-widget-heading .elementor-heading-title[class*=elementor-size-]>a{color:inherit;font-size:inherit;line-height:inherit}.elementor-widget-heading .elementor-heading-title.elementor-size-small{font-size:15px}.elementor-widget-heading .elementor-heading-title.elementor-size-medium{font-size:19px}.elementor-widget-heading .elementor-heading-title.elementor-size-large{font-size:29px}.elementor-widget-heading .elementor-heading-title.elementor-size-xl{font-size:39px}.elementor-widget-heading .elementor-heading-title.elementor-size-xxl{font-size:59px}<\/style><h4 class=\"elementor-heading-title elementor-size-default\">VARF\u00d6R V\u00c4LJA OSS<\/h4>\t\t<\/div>\n\t\t\t\t<\/div>\n\t\t\t\t<div class=\"elementor-element elementor-element-d20830a mb-3 pb-1 elementor-invisible elementor-widget elementor-widget-heading\" data-id=\"d20830a\" data-element_type=\"widget\" data-settings=\"{&quot;_animation&quot;:&quot;fadeInUp&quot;,&quot;_animation_delay&quot;:1200}\" data-widget_type=\"heading.default\">\n\t\t\t\t<div class=\"elementor-widget-container\">\n\t\t\t<h3 class=\"elementor-heading-title elementor-size-default\">V\u00e5ra f\u00f6rdelar<\/h3>\t\t<\/div>\n\t\t\t\t<\/div>\n\t\t\t\t\t<\/div>\r\n\t\t\t\t<\/div>\r\n\t\t\t\t<div class=\"elementor-column elementor-col-50 elementor-inner-column elementor-element elementor-element-87dc156 d-none d-lg-block\" data-id=\"87dc156\" data-element_type=\"column\">\r\n\t\t\t\t\t<div class=\"elementor-widget-wrap\">\r\n\t\t\t\t\t\t\t\t\t<\/div>\r\n\t\t\t\t<\/div>\r\n\t\t\t\t\t<\/div>\r\n\t\t\t\t<\/section>\r\n\t\t\t\t<div class=\"elementor-section elementor-inner-section elementor-element elementor-element-23f05e8 elementor-section-content-middle elementor-section-boxed elementor-section-height-default elementor-section-height-default\" data-id=\"23f05e8\" data-element_type=\"section\" data-settings=\"{&quot;background_background&quot;:&quot;classic&quot;}\">\r\n\t\t\r\n\t\t\t\t\t\t\t<div class=\"elementor-container elementor-column-gap-no\">\r\n\t\t\t\t\t\t\t\t\t\t\t<div class=\"elementor-column elementor-col-50 elementor-inner-column elementor-element elementor-element-78bbe9b pe-lg-5 mb-5 mb-lg-4\" data-id=\"78bbe9b\" data-element_type=\"column\">\r\n\t\t\t\t\t<div class=\"elementor-widget-wrap elementor-element-populated\">\r\n\t\t\t\t\t\t\t\t<div class=\"elementor-element elementor-element-e6f2297 elementor-widget elementor-widget-porto_ultimate_heading\" data-id=\"e6f2297\" data-element_type=\"widget\" data-widget_type=\"porto_ultimate_heading.default\">\n\t\t\t\t<div class=\"elementor-widget-container\">\n\t\t\t<div class=\"porto-u-heading\" data-hspacer=\"no_spacer\" data-halign=\"center\" style=\"text-align:center\"><div class=\"porto-u-main-heading\"><h2 data-plugin-animated-letters data-plugin-options=\"{&quot;startDelay&quot;:0,&quot;minWindowWidth&quot;:0,&quot;animationName&quot;:&quot;fadeIn&quot;}\"  >HEMST\u00c4DNING <\/h2><\/div><\/div>\t\t<\/div>\n\t\t\t\t<\/div>\n\t\t\t\t<div class=\"elementor-element elementor-element-dac7be8 elementor-widget elementor-widget-text-editor\" data-id=\"dac7be8\" data-element_type=\"widget\" data-widget_type=\"text-editor.default\">\n\t\t\t\t<div class=\"elementor-widget-container\">\n\t\t\t<style>\/*! elementor - v3.7.8 - 02-10-2022 *\/\n.elementor-widget-text-editor.elementor-drop-cap-view-stacked .elementor-drop-cap{background-color:#818a91;color:#fff}.elementor-widget-text-editor.elementor-drop-cap-view-framed .elementor-drop-cap{color:#818a91;border:3px solid;background-color:transparent}.elementor-widget-text-editor:not(.elementor-drop-cap-view-default) .elementor-drop-cap{margin-top:8px}.elementor-widget-text-editor:not(.elementor-drop-cap-view-default) .elementor-drop-cap-letter{width:1em;height:1em}.elementor-widget-text-editor .elementor-drop-cap{float:left;text-align:center;line-height:1;font-size:50px}.elementor-widget-text-editor .elementor-drop-cap-letter{display:inline-block}<\/style>\t\t\t\t<h5>V\u00e5ran hemst\u00e4dningstj\u00e4nst \u00e4r till f\u00f6r dig som vill h\u00e5lla rent d\u00e4r hemma, vi anpassar tj\u00e4nsten efter just dina behov och du best\u00e4mmer sj\u00e4lv hur ofta du vill f\u00e5 st\u00e4dat. V\u00e5ran personal utvecklas st\u00e4ndigt och har bra arbetsvilkor. Focus ligger p\u00e5 att skapa l\u00e5nga relationer med v\u00e5ra kunder och vi jobbar st\u00e4ndigt p\u00e5 att f\u00f6rb\u00e4ttre v\u00e5rat arbeta och kunna erbjuda f\u00f6rm\u00e5nliga priser.<\/h5><p><strong>\u00a0<\/strong><\/p><h4>S\u00e5 funkar v\u00e5rt st\u00e4dabonnemang i RAL ST\u00c4D<\/h4><p>Om ni finner er intresserade av att best\u00e4lla hemst\u00e4dning av oss s\u00e5 kan vi ordna ett personligt m\u00f6te antingen hemma hos er eller via telefon f\u00f6r att diskutera era \u00f6nskem\u00e5l. Detta m\u00f6te \u00e4r kostnadsfritt och man f\u00f6rbinder sig inte till n\u00e5gon tj\u00e4nst. Under detta m\u00f6tet g\u00e5r vi igenom era beh\u00f6v och skriver en plan p\u00e5 arbetet som kommer att ske. N\u00e4r ni tagit ett beslut om att bli kund kommer vi \u00f6verens om antal timmar och dagar st\u00e4dningen ska ske. Tj\u00e4nsten inneb\u00e4r att d betalar en fast summa per m\u00e5nad i enlighet med \u00f6verrenskommelse.<\/p><h4>Vad ing\u00e5r i v\u00e5r hemst\u00e4dning<\/h4><p>Det \u00e4r upp till dig som kund att best\u00e4mma vilka rum som ska reng\u00f6ras i eran bostad och vad som ska g\u00f6ras, detta kommer sedan vara en grund till den som utf\u00f6r st\u00e4duppdraget. Normalt s\u00e4tt s\u00e5 brukar det inneh\u00e5lla det ni finner nedanf\u00f6r:<\/p><p>Det h\u00e4r ing\u00e5r vid hems<\/p><h5>Chet\u00e4dningcklista <strong>RAL ST\u00c4D ab<\/strong><\/h5><h4><em>K\u00f6k<\/em><\/h4><p>Reng\u00f6ring av k\u00f6ks- och diskb\u00e4nk samt diskho<\/p><p>Reng\u00f6ring utav sopsk\u00e5p under diskb\u00e4nk<\/p><p>Reng\u00f6ring av kakel ovanf\u00f6r spis samt k\u00f6ksb\u00e4nk<\/p><p>Spisfl\u00e4kt avtorkas utv\u00e4ndigt<\/p><p>K\u00f6ksluckor avtorkas utv\u00e4ndigt<\/p><p>Ugn, spis avtorkas utv\u00e4ndigt<\/p><p>Micro avtorkas utv\u00e4ndigt och inv\u00e4ndigt<\/p><h4><em>Badrum\/ wc<\/em><\/h4><p>Reng\u00f6ring av handfat, toalettstol, dusch och duschv\u00e4ggar eller badkar<\/p><p>Putsning av speglar<\/p><p>Torkning av badrumssk\u00e5p utv\u00e4ndigt, speglar \u00e4ven inv\u00e4ndigt<\/p><p>Kakel p\u00e5 v\u00e4ggar avtorkas<\/p><h4><em>Rum, sovrum, vardagsrum och hall<\/em><\/h4><p>Fria horisontella ytor dammtorkas<\/p><p>Mattor dammsugs<\/p><p>Dammsugning under soffdynor<\/p><p>Golven dammsugs och\/eller fuktmoppas, beroende p\u00e5 typ av golv<\/p><h4><em>\u00d6vrigt<\/em><\/h4><p>Lister och str\u00f6mbrytare dammtorkas<\/p><p>D\u00f6rrar avtorkas<\/p><p>Samtliga golv dammsugs och fukttorkas vid behov<\/p><p>F\u00f6ljande tj\u00e4nster ing\u00e5r ej i grundtj\u00e4nsten men utf\u00f6rs efter <strong>extrabest\u00e4llning<\/strong><\/p><p>Reng\u00f6ring av k\u00f6ksfl\u00e4kt inv\u00e4ndigt<\/p><p>Avfrostning av kyl och frys<\/p><p>F\u00f6nsterputs<\/p><p>Uppsnyggning av balkong\/terrass<\/p><p>Grovst\u00e4dning av badrum t ex under badkar<\/p><p>Reng\u00f6ring av spis inv\u00e4ndigt<\/p><p>Byte av s\u00e4ngkl\u00e4der<\/p><p>Vi hoppas att ni kommer att vara n\u00f6jda med v\u00e5rt utf\u00f6rande. Vi kan ut\u00f6ver hemst\u00e4dning erbjuda storst\u00e4dning, flyttst\u00e4dning, st\u00e4dning inf\u00f6r visning samt f\u00f6nsterputs.<\/p><h4><em>RUT-Avdrag 50%<\/em><\/h4><p>I v\u00e5r hemst\u00e4dning ing\u00e5r i skattereduktionen f\u00f6r hush\u00e5llsn\u00e4ra tj\u00e4nster. Du betalar 50 % av arbetskostnaden direkt p\u00e5 fakturan.<\/p><p>PRIS varje varannan vecka\u00a0 205 kr per timme ink.moms efter RUT-avdrag.<\/p><p>\u00c4r det n\u00e5got ni undrar \u00f6ver s\u00e5 \u00e4r ni varmt v\u00e4lkomna att kontakta oss p\u00e5<\/p><h4>072 920 3447\u00a0 \u00a0 \u00a0 \u00a0 \u00a0 \u00a0 \u00a0 \u00a0info@ralstad.se<\/h4>\t\t\t\t\t\t<\/div>\n\t\t\t\t<\/div>\n\t\t\t\t\t<\/div>\r\n\t\t\t\t<\/div>\r\n\t\t\t\t<div class=\"elementor-column elementor-col-50 elementor-inner-column elementor-element elementor-element-a9b54b2 floating-images ps-sm-5 mb-lg-4 mx-auto\" data-id=\"a9b54b2\" data-element_type=\"column\">\r\n\t\t\t\t\t<div data-plugin-float-element=\"\" data-plugin-options=\"{&quot;startPos&quot;:&quot;top&quot;,&quot;speed&quot;:&quot;9.8&quot;,&quot;transition&quot;:true,&quot;horizontal&quot;:false}\" class=\"elementor-widget-wrap elementor-element-populated\">\r\n\t\t\t\t\t\t\t\t<div class=\"elementor-element elementor-element-2a0c1ab custom-box-shadow-1 mb-0 w-auto elementor-invisible elementor-widget elementor-widget-image\" data-id=\"2a0c1ab\" data-element_type=\"widget\" data-settings=\"{&quot;_animation&quot;:&quot;fadeIn&quot;,&quot;_animation_delay&quot;:200}\" data-widget_type=\"image.default\">\n\t\t\t\t<div class=\"elementor-widget-container\">\n\t\t\t<style>\/*! elementor - v3.7.8 - 02-10-2022 *\/\n.elementor-widget-image{text-align:center}.elementor-widget-image a{display:inline-block}.elementor-widget-image a img[src$=\".svg\"]{width:48px}.elementor-widget-image img{vertical-align:middle;display:inline-block}<\/style>\t\t\t\t\t\t\t\t\t\t\t\t<img loading=\"lazy\" decoding=\"async\" width=\"442\" height=\"442\" src=\"https:\/\/ralstad.se\/wp-content\/uploads\/2020\/12\/generic-4.jpg\" class=\"attachment-full size-full\" alt=\"banner\" srcset=\"https:\/\/ralstad.se\/wp-content\/uploads\/2020\/12\/generic-4.jpg 442w, https:\/\/ralstad.se\/wp-content\/uploads\/2020\/12\/generic-4-400x400.jpg 400w, https:\/\/ralstad.se\/wp-content\/uploads\/2020\/12\/generic-4-367x367.jpg 367w\" sizes=\"auto, (max-width: 442px) 100vw, 442px\" \/>\t\t\t\t\t\t\t\t\t\t\t\t\t\t\t<\/div>\n\t\t\t\t<\/div>\n\t\t\t\t<div class=\"elementor-element elementor-element-caf4149 custom-absolute-img w-auto custom-box-shadow-1 mb-0 elementor-invisible elementor-widget elementor-widget-image\" data-id=\"caf4149\" data-element_type=\"widget\" data-settings=\"{&quot;_animation&quot;:&quot;fadeIn&quot;,&quot;_animation_delay&quot;:400}\" data-widget_type=\"image.default\">\n\t\t\t\t<div class=\"elementor-widget-container\">\n\t\t\t\t\t\t\t\t\t\t\t\t\t\t\t<img loading=\"lazy\" decoding=\"async\" width=\"367\" height=\"367\" src=\"https:\/\/ralstad.se\/wp-content\/uploads\/2026\/04\/432206b7-6242-4483-9075-7ea1846e6e1b-367x367.jpg\" class=\"attachment-portfolio-medium size-portfolio-medium\" alt=\"\" \/>\t\t\t\t\t\t\t\t\t\t\t\t\t\t\t<\/div>\n\t\t\t\t<\/div>\n\t\t\t\t\t<\/div>\r\n\t\t\t\t<\/div>\r\n\t\t\t\t\t<\/div>\r\n\t\t\t\t<\/div>\r\n\t\t\t\t\t<\/div>\r\n\t\t\t\t<\/div>\r\n\t\t\t\t\t<\/div>\r\n\t\t\t\t<\/div>\r\n\t\t\t\t\t\t\t<\/div>\n\t\t","protected":false},"excerpt":{"rendered":"<p>VARF\u00d6R V\u00c4LJA OSS V\u00e5ra f\u00f6rdelar HEMST\u00c4DNING V\u00e5ran hemst\u00e4dningstj\u00e4nst \u00e4r till f\u00f6r dig som vill h\u00e5lla rent d\u00e4r hemma, vi anpassar tj\u00e4nsten efter just dina behov och du best\u00e4mmer sj\u00e4lv hur ofta du vill f\u00e5 st\u00e4dat. V\u00e5ran personal utvecklas st\u00e4ndigt och har bra arbetsvilkor. Focus ligger p\u00e5 att skapa l\u00e5nga relationer med v\u00e5ra kunder och vi [&hellip;]<\/p>\n","protected":false},"author":2,"featured_media":0,"parent":0,"menu_order":0,"comment_status":"closed","ping_status":"closed","template":"","meta":{"_acf_changed":false,"content-type":"","footnotes":""},"class_list":["post-4374","page","type-page","status-publish","hentry"],"acf":[],"yoast_head":"<!-- This site is optimized with the Yoast SEO plugin v27.4 - https:\/\/yoast.com\/product\/yoast-seo-wordpress\/ -->\n<title>Hemst\u00e4d - ralstad.se<\/title>\n<meta name=\"robots\" content=\"index, follow, max-snippet:-1, max-image-preview:large, max-video-preview:-1\" \/>\n<link rel=\"canonical\" href=\"https:\/\/ralstad.se\/sv\/hemstad\/\" \/>\n<meta property=\"og:locale\" content=\"sv_SE\" \/>\n<meta property=\"og:type\" content=\"article\" \/>\n<meta property=\"og:title\" content=\"Hemst\u00e4d - ralstad.se\" \/>\n<meta property=\"og:description\" content=\"VARF\u00d6R V\u00c4LJA OSS V\u00e5ra f\u00f6rdelar HEMST\u00c4DNING V\u00e5ran hemst\u00e4dningstj\u00e4nst \u00e4r till f\u00f6r dig som vill h\u00e5lla rent d\u00e4r hemma, vi anpassar tj\u00e4nsten efter just dina behov och du best\u00e4mmer sj\u00e4lv hur ofta du vill f\u00e5 st\u00e4dat. V\u00e5ran personal utvecklas st\u00e4ndigt och har bra arbetsvilkor. Focus ligger p\u00e5 att skapa l\u00e5nga relationer med v\u00e5ra kunder och vi [&hellip;]\" \/>\n<meta property=\"og:url\" content=\"https:\/\/ralstad.se\/sv\/hemstad\/\" \/>\n<meta property=\"og:site_name\" content=\"ralstad.se\" \/>\n<meta property=\"article:publisher\" content=\"https:\/\/www.facebook.com\/ralstad.se\" \/>\n<meta property=\"article:modified_time\" content=\"2026-04-14T17:40:43+00:00\" \/>\n<meta property=\"og:image\" content=\"https:\/\/ralstad.se\/wp-content\/uploads\/2020\/12\/generic-4.jpg\" \/>\n<meta name=\"twitter:card\" content=\"summary_large_image\" \/>\n<meta name=\"twitter:label1\" content=\"Ber\u00e4knad l\u00e4stid\" \/>\n\t<meta name=\"twitter:data1\" content=\"3 minuter\" \/>\n<script type=\"application\/ld+json\" class=\"yoast-schema-graph\">{\"@context\":\"https:\\\/\\\/schema.org\",\"@graph\":[{\"@type\":\"WebPage\",\"@id\":\"https:\\\/\\\/ralstad.se\\\/sv\\\/hemstad\\\/\",\"url\":\"https:\\\/\\\/ralstad.se\\\/sv\\\/hemstad\\\/\",\"name\":\"Hemst\u00e4d - ralstad.se\",\"isPartOf\":{\"@id\":\"https:\\\/\\\/ralstad.se\\\/#website\"},\"primaryImageOfPage\":{\"@id\":\"https:\\\/\\\/ralstad.se\\\/sv\\\/hemstad\\\/#primaryimage\"},\"image\":{\"@id\":\"https:\\\/\\\/ralstad.se\\\/sv\\\/hemstad\\\/#primaryimage\"},\"thumbnailUrl\":\"https:\\\/\\\/ralstad.se\\\/wp-content\\\/uploads\\\/2020\\\/12\\\/generic-4.jpg\",\"datePublished\":\"2026-03-23T13:58:27+00:00\",\"dateModified\":\"2026-04-14T17:40:43+00:00\",\"breadcrumb\":{\"@id\":\"https:\\\/\\\/ralstad.se\\\/sv\\\/hemstad\\\/#breadcrumb\"},\"inLanguage\":\"sv-SE\",\"potentialAction\":[{\"@type\":\"ReadAction\",\"target\":[\"https:\\\/\\\/ralstad.se\\\/sv\\\/hemstad\\\/\"]}]},{\"@type\":\"ImageObject\",\"inLanguage\":\"sv-SE\",\"@id\":\"https:\\\/\\\/ralstad.se\\\/sv\\\/hemstad\\\/#primaryimage\",\"url\":\"https:\\\/\\\/ralstad.se\\\/wp-content\\\/uploads\\\/2020\\\/12\\\/generic-4.jpg\",\"contentUrl\":\"https:\\\/\\\/ralstad.se\\\/wp-content\\\/uploads\\\/2020\\\/12\\\/generic-4.jpg\"},{\"@type\":\"BreadcrumbList\",\"@id\":\"https:\\\/\\\/ralstad.se\\\/sv\\\/hemstad\\\/#breadcrumb\",\"itemListElement\":[{\"@type\":\"ListItem\",\"position\":1,\"name\":\"Home\",\"item\":\"https:\\\/\\\/ralstad.se\\\/sv\\\/\"},{\"@type\":\"ListItem\",\"position\":2,\"name\":\"Hemst\u00e4d\"}]},{\"@type\":\"WebSite\",\"@id\":\"https:\\\/\\\/ralstad.se\\\/#website\",\"url\":\"https:\\\/\\\/ralstad.se\\\/\",\"name\":\"ralstad.se\",\"description\":\"ralstad.se\",\"publisher\":{\"@id\":\"https:\\\/\\\/ralstad.se\\\/#organization\"},\"potentialAction\":[{\"@type\":\"SearchAction\",\"target\":{\"@type\":\"EntryPoint\",\"urlTemplate\":\"https:\\\/\\\/ralstad.se\\\/?s={search_term_string}\"},\"query-input\":{\"@type\":\"PropertyValueSpecification\",\"valueRequired\":true,\"valueName\":\"search_term_string\"}}],\"inLanguage\":\"sv-SE\"},{\"@type\":\"Organization\",\"@id\":\"https:\\\/\\\/ralstad.se\\\/#organization\",\"name\":\"Ralstad.se\",\"url\":\"https:\\\/\\\/ralstad.se\\\/\",\"logo\":{\"@type\":\"ImageObject\",\"inLanguage\":\"sv-SE\",\"@id\":\"https:\\\/\\\/ralstad.se\\\/#\\\/schema\\\/logo\\\/image\\\/\",\"url\":\"https:\\\/\\\/ralstad.se\\\/wp-content\\\/uploads\\\/2022\\\/10\\\/RalStad-slika.jpg\",\"contentUrl\":\"https:\\\/\\\/ralstad.se\\\/wp-content\\\/uploads\\\/2022\\\/10\\\/RalStad-slika.jpg\",\"width\":950,\"height\":280,\"caption\":\"Ralstad.se\"},\"image\":{\"@id\":\"https:\\\/\\\/ralstad.se\\\/#\\\/schema\\\/logo\\\/image\\\/\"},\"sameAs\":[\"https:\\\/\\\/www.facebook.com\\\/ralstad.se\"]}]}<\/script>\n<!-- \/ Yoast SEO plugin. -->","yoast_head_json":{"title":"Hemst\u00e4d - ralstad.se","robots":{"index":"index","follow":"follow","max-snippet":"max-snippet:-1","max-image-preview":"max-image-preview:large","max-video-preview":"max-video-preview:-1"},"canonical":"https:\/\/ralstad.se\/sv\/hemstad\/","og_locale":"sv_SE","og_type":"article","og_title":"Hemst\u00e4d - ralstad.se","og_description":"VARF\u00d6R V\u00c4LJA OSS V\u00e5ra f\u00f6rdelar HEMST\u00c4DNING V\u00e5ran hemst\u00e4dningstj\u00e4nst \u00e4r till f\u00f6r dig som vill h\u00e5lla rent d\u00e4r hemma, vi anpassar tj\u00e4nsten efter just dina behov och du best\u00e4mmer sj\u00e4lv hur ofta du vill f\u00e5 st\u00e4dat. V\u00e5ran personal utvecklas st\u00e4ndigt och har bra arbetsvilkor. Focus ligger p\u00e5 att skapa l\u00e5nga relationer med v\u00e5ra kunder och vi [&hellip;]","og_url":"https:\/\/ralstad.se\/sv\/hemstad\/","og_site_name":"ralstad.se","article_publisher":"https:\/\/www.facebook.com\/ralstad.se","article_modified_time":"2026-04-14T17:40:43+00:00","og_image":[{"url":"https:\/\/ralstad.se\/wp-content\/uploads\/2020\/12\/generic-4.jpg","type":"","width":"","height":""}],"twitter_card":"summary_large_image","twitter_misc":{"Ber\u00e4knad l\u00e4stid":"3 minuter"},"schema":{"@context":"https:\/\/schema.org","@graph":[{"@type":"WebPage","@id":"https:\/\/ralstad.se\/sv\/hemstad\/","url":"https:\/\/ralstad.se\/sv\/hemstad\/","name":"Hemst\u00e4d - ralstad.se","isPartOf":{"@id":"https:\/\/ralstad.se\/#website"},"primaryImageOfPage":{"@id":"https:\/\/ralstad.se\/sv\/hemstad\/#primaryimage"},"image":{"@id":"https:\/\/ralstad.se\/sv\/hemstad\/#primaryimage"},"thumbnailUrl":"https:\/\/ralstad.se\/wp-content\/uploads\/2020\/12\/generic-4.jpg","datePublished":"2026-03-23T13:58:27+00:00","dateModified":"2026-04-14T17:40:43+00:00","breadcrumb":{"@id":"https:\/\/ralstad.se\/sv\/hemstad\/#breadcrumb"},"inLanguage":"sv-SE","potentialAction":[{"@type":"ReadAction","target":["https:\/\/ralstad.se\/sv\/hemstad\/"]}]},{"@type":"ImageObject","inLanguage":"sv-SE","@id":"https:\/\/ralstad.se\/sv\/hemstad\/#primaryimage","url":"https:\/\/ralstad.se\/wp-content\/uploads\/2020\/12\/generic-4.jpg","contentUrl":"https:\/\/ralstad.se\/wp-content\/uploads\/2020\/12\/generic-4.jpg"},{"@type":"BreadcrumbList","@id":"https:\/\/ralstad.se\/sv\/hemstad\/#breadcrumb","itemListElement":[{"@type":"ListItem","position":1,"name":"Home","item":"https:\/\/ralstad.se\/sv\/"},{"@type":"ListItem","position":2,"name":"Hemst\u00e4d"}]},{"@type":"WebSite","@id":"https:\/\/ralstad.se\/#website","url":"https:\/\/ralstad.se\/","name":"ralstad.se","description":"ralstad.se","publisher":{"@id":"https:\/\/ralstad.se\/#organization"},"potentialAction":[{"@type":"SearchAction","target":{"@type":"EntryPoint","urlTemplate":"https:\/\/ralstad.se\/?s={search_term_string}"},"query-input":{"@type":"PropertyValueSpecification","valueRequired":true,"valueName":"search_term_string"}}],"inLanguage":"sv-SE"},{"@type":"Organization","@id":"https:\/\/ralstad.se\/#organization","name":"Ralstad.se","url":"https:\/\/ralstad.se\/","logo":{"@type":"ImageObject","inLanguage":"sv-SE","@id":"https:\/\/ralstad.se\/#\/schema\/logo\/image\/","url":"https:\/\/ralstad.se\/wp-content\/uploads\/2022\/10\/RalStad-slika.jpg","contentUrl":"https:\/\/ralstad.se\/wp-content\/uploads\/2022\/10\/RalStad-slika.jpg","width":950,"height":280,"caption":"Ralstad.se"},"image":{"@id":"https:\/\/ralstad.se\/#\/schema\/logo\/image\/"},"sameAs":["https:\/\/www.facebook.com\/ralstad.se"]}]}},"_links":{"self":[{"href":"https:\/\/ralstad.se\/sv\/wp-json\/wp\/v2\/pages\/4374","targetHints":{"allow":["GET"]}}],"collection":[{"href":"https:\/\/ralstad.se\/sv\/wp-json\/wp\/v2\/pages"}],"about":[{"href":"https:\/\/ralstad.se\/sv\/wp-json\/wp\/v2\/types\/page"}],"author":[{"embeddable":true,"href":"https:\/\/ralstad.se\/sv\/wp-json\/wp\/v2\/users\/2"}],"replies":[{"embeddable":true,"href":"https:\/\/ralstad.se\/sv\/wp-json\/wp\/v2\/comments?post=4374"}],"version-history":[{"count":7,"href":"https:\/\/ralstad.se\/sv\/wp-json\/wp\/v2\/pages\/4374\/revisions"}],"predecessor-version":[{"id":4540,"href":"https:\/\/ralstad.se\/sv\/wp-json\/wp\/v2\/pages\/4374\/revisions\/4540"}],"wp:attachment":[{"href":"https:\/\/ralstad.se\/sv\/wp-json\/wp\/v2\/media?parent=4374"}],"curies":[{"name":"wp","href":"https:\/\/api.w.org\/{rel}","templated":true}]}}