{"id":4350,"date":"2026-03-23T13:45:20","date_gmt":"2026-03-23T13:45:20","guid":{"rendered":"https:\/\/ralstad.se\/?page_id=4350"},"modified":"2026-04-14T15:21:45","modified_gmt":"2026-04-14T15:21:45","slug":"kontorstad","status":"publish","type":"page","link":"https:\/\/ralstad.se\/sv\/kontorstad\/","title":{"rendered":"Kontorst\u00e4d"},"content":{"rendered":"\t\t<div data-elementor-type=\"wp-page\" data-elementor-id=\"4350\" class=\"elementor elementor-4350\">\n\t\t\t\t\t\t\t\t\t<div class=\"elementor-section elementor-top-section elementor-element elementor-element-276ea61 pt-5 pt-sm-0 pb-5 accordion-section under-divider-section elementor-section-boxed elementor-section-height-default elementor-section-height-default\" data-id=\"276ea61\" data-element_type=\"section\" data-settings=\"{&quot;background_background&quot;:&quot;classic&quot;,&quot;shape_divider_bottom&quot;:&quot;curve&quot;,&quot;shape_divider_bottom_negative&quot;:&quot;yes&quot;}\">\r\n\t\t\t\t<div class=\"elementor-shape elementor-shape-bottom\" data-negative=\"true\">\r\n\t\t\t<svg xmlns=\"http:\/\/www.w3.org\/2000\/svg\" viewBox=\"0 0 1000 100\" preserveAspectRatio=\"none\">\n\t<path class=\"elementor-shape-fill\" d=\"M500,97C126.7,96.3,0.8,19.8,0,0v100l1000,0V1C1000,19.4,873.3,97.8,500,97z\"\/>\n<\/svg>\t\t<\/div>\r\n\t\t\r\n\t\t\t\t\t\t\t<div class=\"elementor-container elementor-column-gap-no\">\r\n\t\t\t\t\t\t\t\t\t\t\t<div class=\"elementor-column elementor-col-100 elementor-top-column elementor-element elementor-element-4e74642 pb-5 m-b-lg\" data-id=\"4e74642\" data-element_type=\"column\">\r\n\t\t\t\t\t<div class=\"elementor-widget-wrap elementor-element-populated\">\r\n\t\t\t\t\t\t\t\t<section class=\"elementor-section elementor-inner-section elementor-element elementor-element-12ec16f elementor-section-content-middle elementor-section-boxed elementor-section-height-default elementor-section-height-default\" data-id=\"12ec16f\" data-element_type=\"section\" data-settings=\"{&quot;background_background&quot;:&quot;classic&quot;}\">\r\n\t\t\r\n\t\t\t\t\t\t\t<div class=\"elementor-container elementor-column-gap-no\">\r\n\t\t\t\t\t\t\t\t\t\t\t<div class=\"elementor-column elementor-col-50 elementor-inner-column elementor-element elementor-element-7ce0f84 mb-0\" data-id=\"7ce0f84\" data-element_type=\"column\">\r\n\t\t\t\t\t<div class=\"elementor-widget-wrap elementor-element-populated\">\r\n\t\t\t\t\t\t\t\t<div class=\"elementor-element elementor-element-b729a9b custom-border customLineAnimation me-3 mb-2 elementor-widget__width-auto elementor-widget-divider--view-line elementor-invisible elementor-widget elementor-widget-divider\" data-id=\"b729a9b\" data-element_type=\"widget\" data-settings=\"{&quot;_animation&quot;:&quot;slideInLeft&quot;}\" data-widget_type=\"divider.default\">\n\t\t\t\t<div class=\"elementor-widget-container\">\n\t\t\t<style>\/*! elementor - v3.7.8 - 02-10-2022 *\/\n.elementor-widget-divider{--divider-border-style:none;--divider-border-width:1px;--divider-color:#2c2c2c;--divider-icon-size:20px;--divider-element-spacing:10px;--divider-pattern-height:24px;--divider-pattern-size:20px;--divider-pattern-url:none;--divider-pattern-repeat:repeat-x}.elementor-widget-divider .elementor-divider{display:-webkit-box;display:-ms-flexbox;display:flex}.elementor-widget-divider .elementor-divider__text{font-size:15px;line-height:1;max-width:95%}.elementor-widget-divider .elementor-divider__element{margin:0 var(--divider-element-spacing);-ms-flex-negative:0;flex-shrink:0}.elementor-widget-divider .elementor-icon{font-size:var(--divider-icon-size)}.elementor-widget-divider .elementor-divider-separator{display:-webkit-box;display:-ms-flexbox;display:flex;margin:0;direction:ltr}.elementor-widget-divider--view-line_icon .elementor-divider-separator,.elementor-widget-divider--view-line_text .elementor-divider-separator{-webkit-box-align:center;-ms-flex-align:center;align-items:center}.elementor-widget-divider--view-line_icon .elementor-divider-separator:after,.elementor-widget-divider--view-line_icon .elementor-divider-separator:before,.elementor-widget-divider--view-line_text .elementor-divider-separator:after,.elementor-widget-divider--view-line_text .elementor-divider-separator:before{display:block;content:\"\";border-bottom:0;-webkit-box-flex:1;-ms-flex-positive:1;flex-grow:1;border-top:var(--divider-border-width) var(--divider-border-style) var(--divider-color)}.elementor-widget-divider--element-align-left .elementor-divider .elementor-divider-separator>.elementor-divider__svg:first-of-type{-webkit-box-flex:0;-ms-flex-positive:0;flex-grow:0;-ms-flex-negative:100;flex-shrink:100}.elementor-widget-divider--element-align-left .elementor-divider-separator:before{content:none}.elementor-widget-divider--element-align-left .elementor-divider__element{margin-left:0}.elementor-widget-divider--element-align-right .elementor-divider .elementor-divider-separator>.elementor-divider__svg:last-of-type{-webkit-box-flex:0;-ms-flex-positive:0;flex-grow:0;-ms-flex-negative:100;flex-shrink:100}.elementor-widget-divider--element-align-right .elementor-divider-separator:after{content:none}.elementor-widget-divider--element-align-right .elementor-divider__element{margin-right:0}.elementor-widget-divider:not(.elementor-widget-divider--view-line_text):not(.elementor-widget-divider--view-line_icon) .elementor-divider-separator{border-top:var(--divider-border-width) var(--divider-border-style) var(--divider-color)}.elementor-widget-divider--separator-type-pattern{--divider-border-style:none}.elementor-widget-divider--separator-type-pattern.elementor-widget-divider--view-line .elementor-divider-separator,.elementor-widget-divider--separator-type-pattern:not(.elementor-widget-divider--view-line) .elementor-divider-separator:after,.elementor-widget-divider--separator-type-pattern:not(.elementor-widget-divider--view-line) .elementor-divider-separator:before,.elementor-widget-divider--separator-type-pattern:not([class*=elementor-widget-divider--view]) .elementor-divider-separator{width:100%;min-height:var(--divider-pattern-height);-webkit-mask-size:var(--divider-pattern-size) 100%;mask-size:var(--divider-pattern-size) 100%;-webkit-mask-repeat:var(--divider-pattern-repeat);mask-repeat:var(--divider-pattern-repeat);background-color:var(--divider-color);-webkit-mask-image:var(--divider-pattern-url);mask-image:var(--divider-pattern-url)}.elementor-widget-divider--no-spacing{--divider-pattern-size:auto}.elementor-widget-divider--bg-round{--divider-pattern-repeat:round}.rtl .elementor-widget-divider .elementor-divider__text{direction:rtl}.e-container>.elementor-widget-divider{width:var(--container-widget-width,100%);--flex-grow:var(--container-widget-flex-grow,0)}<\/style>\t\t<div class=\"elementor-divider\">\n\t\t\t<span class=\"elementor-divider-separator\">\n\t\t\t\t\t\t<\/span>\n\t\t<\/div>\n\t\t\t\t<\/div>\n\t\t\t\t<\/div>\n\t\t\t\t<div class=\"elementor-element elementor-element-50789b3 mb-2 d-inline-block elementor-widget__width-auto elementor-invisible elementor-widget elementor-widget-heading\" data-id=\"50789b3\" data-element_type=\"widget\" data-settings=\"{&quot;_animation&quot;:&quot;fadeInLeft&quot;,&quot;_animation_delay&quot;:1000}\" data-widget_type=\"heading.default\">\n\t\t\t\t<div class=\"elementor-widget-container\">\n\t\t\t<style>\/*! elementor - v3.7.8 - 02-10-2022 *\/\n.elementor-heading-title{padding:0;margin:0;line-height:1}.elementor-widget-heading .elementor-heading-title[class*=elementor-size-]>a{color:inherit;font-size:inherit;line-height:inherit}.elementor-widget-heading .elementor-heading-title.elementor-size-small{font-size:15px}.elementor-widget-heading .elementor-heading-title.elementor-size-medium{font-size:19px}.elementor-widget-heading .elementor-heading-title.elementor-size-large{font-size:29px}.elementor-widget-heading .elementor-heading-title.elementor-size-xl{font-size:39px}.elementor-widget-heading .elementor-heading-title.elementor-size-xxl{font-size:59px}<\/style><h4 class=\"elementor-heading-title elementor-size-default\">Kontorsst\u00e4dning<\/h4>\t\t<\/div>\n\t\t\t\t<\/div>\n\t\t\t\t\t<\/div>\r\n\t\t\t\t<\/div>\r\n\t\t\t\t<div class=\"elementor-column elementor-col-50 elementor-inner-column elementor-element elementor-element-f6d8656 d-none d-lg-block\" data-id=\"f6d8656\" data-element_type=\"column\">\r\n\t\t\t\t\t<div class=\"elementor-widget-wrap\">\r\n\t\t\t\t\t\t\t\t\t<\/div>\r\n\t\t\t\t<\/div>\r\n\t\t\t\t\t<\/div>\r\n\t\t\t\t<\/section>\r\n\t\t\t\t<div class=\"elementor-section elementor-inner-section elementor-element elementor-element-497bad1 elementor-section-content-middle elementor-section-boxed elementor-section-height-default elementor-section-height-default\" data-id=\"497bad1\" data-element_type=\"section\" data-settings=\"{&quot;background_background&quot;:&quot;classic&quot;}\">\r\n\t\t\r\n\t\t\t\t\t\t\t<div class=\"elementor-container elementor-column-gap-no\">\r\n\t\t\t\t\t\t\t\t\t\t\t<div class=\"elementor-column elementor-col-50 elementor-inner-column elementor-element elementor-element-2bbc632 pe-lg-5 mb-5 mb-lg-4\" data-id=\"2bbc632\" data-element_type=\"column\">\r\n\t\t\t\t\t<div class=\"elementor-widget-wrap elementor-element-populated\">\r\n\t\t\t\t\t\t\t\t<div class=\"elementor-element elementor-element-fd4ff13 elementor-widget elementor-widget-porto_ultimate_heading\" data-id=\"fd4ff13\" data-element_type=\"widget\" data-widget_type=\"porto_ultimate_heading.default\">\n\t\t\t\t<div class=\"elementor-widget-container\">\n\t\t\t<div class=\"porto-u-heading\" data-hspacer=\"no_spacer\" data-halign=\"center\" style=\"text-align:center\"><div class=\"porto-u-main-heading\"><h2 data-plugin-animated-letters data-plugin-options=\"{&quot;startDelay&quot;:0,&quot;minWindowWidth&quot;:0,&quot;animationName&quot;:&quot;fadeIn&quot;}\"  >Kontorsst\u00e4dning i G\u00f6teborg med omnejd<\/h2><\/div><\/div>\t\t<\/div>\n\t\t\t\t<\/div>\n\t\t\t\t<div class=\"elementor-element elementor-element-24aa69e elementor-widget elementor-widget-text-editor\" data-id=\"24aa69e\" data-element_type=\"widget\" data-widget_type=\"text-editor.default\">\n\t\t\t\t<div class=\"elementor-widget-container\">\n\t\t\t<style>\/*! elementor - v3.7.8 - 02-10-2022 *\/\n.elementor-widget-text-editor.elementor-drop-cap-view-stacked .elementor-drop-cap{background-color:#818a91;color:#fff}.elementor-widget-text-editor.elementor-drop-cap-view-framed .elementor-drop-cap{color:#818a91;border:3px solid;background-color:transparent}.elementor-widget-text-editor:not(.elementor-drop-cap-view-default) .elementor-drop-cap{margin-top:8px}.elementor-widget-text-editor:not(.elementor-drop-cap-view-default) .elementor-drop-cap-letter{width:1em;height:1em}.elementor-widget-text-editor .elementor-drop-cap{float:left;text-align:center;line-height:1;font-size:50px}.elementor-widget-text-editor .elementor-drop-cap-letter{display:inline-block}<\/style>\t\t\t\t<p>L\u00e5t RAL St\u00e4d AB kontorsst\u00e4dning ta hand om dammr\u00e5ttor och \u00f6verfulla papperskorgar s\u00e5 blir det l\u00e4ttare att koncentrera sig p\u00e5 det som \u00e4r viktigt. V\u00e5r tj\u00e4nst v\u00e4nder sig till b\u00e5de stora och sm\u00e5 kontor, vi skapar en trevligare arbetsmilj\u00f6 f\u00f6r dig och dina kollegor.<\/p><p>Vi inleder med ett kostnadsfritt bes\u00f6k d\u00e4r vi tillsammans g\u00e5r igenom era \u00f6nskem\u00e5l med er kontorsst\u00e4dning. Vi skapar en beskrivning av era behov som ligger till grund f\u00f6r v\u00e5rt fortsatta arbete. Vi f\u00f6ljer upp v\u00e5rt arbete och justerar arbetsbeskrivningen l\u00f6pande.<\/p><p>\u00a0<\/p><p>Har du fr\u00e5gor om v\u00e5r kontorsst\u00e4dning i G\u00f6teborg med omnejd g\u00e5r det bra att kontakta oss p\u00e5 0729203447\u00a0eller\u00a0<a href=\"mailto:info@ralstad.se\">info@ralstad.se<\/a><\/p>\t\t\t\t\t\t<\/div>\n\t\t\t\t<\/div>\n\t\t\t\t\t<\/div>\r\n\t\t\t\t<\/div>\r\n\t\t\t\t<div class=\"elementor-column elementor-col-50 elementor-inner-column elementor-element elementor-element-34e32fd floating-images ps-sm-5 mb-lg-4 mx-auto\" data-id=\"34e32fd\" data-element_type=\"column\">\r\n\t\t\t\t\t<div data-plugin-float-element=\"\" data-plugin-options=\"{&quot;startPos&quot;:&quot;top&quot;,&quot;speed&quot;:&quot;9.8&quot;,&quot;transition&quot;:true,&quot;horizontal&quot;:false}\" class=\"elementor-widget-wrap elementor-element-populated\">\r\n\t\t\t\t\t\t\t\t<div class=\"elementor-element elementor-element-a5f5256 custom-box-shadow-1 mb-0 w-auto elementor-invisible elementor-widget elementor-widget-image\" data-id=\"a5f5256\" data-element_type=\"widget\" data-settings=\"{&quot;_animation&quot;:&quot;fadeIn&quot;,&quot;_animation_delay&quot;:200}\" data-widget_type=\"image.default\">\n\t\t\t\t<div class=\"elementor-widget-container\">\n\t\t\t<style>\/*! elementor - v3.7.8 - 02-10-2022 *\/\n.elementor-widget-image{text-align:center}.elementor-widget-image a{display:inline-block}.elementor-widget-image a img[src$=\".svg\"]{width:48px}.elementor-widget-image img{vertical-align:middle;display:inline-block}<\/style>\t\t\t\t\t\t\t\t\t\t\t\t<img loading=\"lazy\" decoding=\"async\" width=\"442\" height=\"442\" src=\"https:\/\/ralstad.se\/wp-content\/uploads\/2020\/12\/generic-4.jpg\" class=\"attachment-full size-full\" alt=\"banner\" srcset=\"https:\/\/ralstad.se\/wp-content\/uploads\/2020\/12\/generic-4.jpg 442w, https:\/\/ralstad.se\/wp-content\/uploads\/2020\/12\/generic-4-400x400.jpg 400w, https:\/\/ralstad.se\/wp-content\/uploads\/2020\/12\/generic-4-367x367.jpg 367w\" sizes=\"auto, (max-width: 442px) 100vw, 442px\" \/>\t\t\t\t\t\t\t\t\t\t\t\t\t\t\t<\/div>\n\t\t\t\t<\/div>\n\t\t\t\t<div class=\"elementor-element elementor-element-e80292f custom-absolute-img w-auto custom-box-shadow-1 mb-0 elementor-invisible elementor-widget elementor-widget-image\" data-id=\"e80292f\" data-element_type=\"widget\" data-settings=\"{&quot;_animation&quot;:&quot;fadeIn&quot;,&quot;_animation_delay&quot;:400}\" data-widget_type=\"image.default\">\n\t\t\t\t<div class=\"elementor-widget-container\">\n\t\t\t\t\t\t\t\t\t\t\t\t\t\t\t<img loading=\"lazy\" decoding=\"async\" width=\"1536\" height=\"1024\" src=\"https:\/\/ralstad.se\/wp-content\/uploads\/2026\/04\/Kontorsstadning-med-RAL-STAD-AB.png\" class=\"attachment-full size-full\" alt=\"\" srcset=\"https:\/\/ralstad.se\/wp-content\/uploads\/2026\/04\/Kontorsstadning-med-RAL-STAD-AB.png 1536w, https:\/\/ralstad.se\/wp-content\/uploads\/2026\/04\/Kontorsstadning-med-RAL-STAD-AB-1024x683.png 1024w, https:\/\/ralstad.se\/wp-content\/uploads\/2026\/04\/Kontorsstadning-med-RAL-STAD-AB-768x512.png 768w, https:\/\/ralstad.se\/wp-content\/uploads\/2026\/04\/Kontorsstadning-med-RAL-STAD-AB-640x427.png 640w, https:\/\/ralstad.se\/wp-content\/uploads\/2026\/04\/Kontorsstadning-med-RAL-STAD-AB-400x267.png 400w, https:\/\/ralstad.se\/wp-content\/uploads\/2026\/04\/Kontorsstadning-med-RAL-STAD-AB-367x245.png 367w\" sizes=\"auto, (max-width: 1536px) 100vw, 1536px\" \/>\t\t\t\t\t\t\t\t\t\t\t\t\t\t\t<\/div>\n\t\t\t\t<\/div>\n\t\t\t\t\t<\/div>\r\n\t\t\t\t<\/div>\r\n\t\t\t\t\t<\/div>\r\n\t\t\t\t<\/div>\r\n\t\t\t\t\t<\/div>\r\n\t\t\t\t<\/div>\r\n\t\t\t\t\t<\/div>\r\n\t\t\t\t<\/div>\r\n\t\t\t\t\t\t\t<\/div>\n\t\t","protected":false},"excerpt":{"rendered":"<p>Kontorsst\u00e4dning Kontorsst\u00e4dning i G\u00f6teborg med omnejd L\u00e5t RAL St\u00e4d AB kontorsst\u00e4dning ta hand om dammr\u00e5ttor och \u00f6verfulla papperskorgar s\u00e5 blir det l\u00e4ttare att koncentrera sig p\u00e5 det som \u00e4r viktigt. V\u00e5r tj\u00e4nst v\u00e4nder sig till b\u00e5de stora och sm\u00e5 kontor, vi skapar en trevligare arbetsmilj\u00f6 f\u00f6r dig och dina kollegor. Vi inleder med ett kostnadsfritt [&hellip;]<\/p>\n","protected":false},"author":2,"featured_media":0,"parent":0,"menu_order":0,"comment_status":"closed","ping_status":"closed","template":"","meta":{"_acf_changed":false,"content-type":"","footnotes":""},"class_list":["post-4350","page","type-page","status-publish","hentry"],"acf":[],"yoast_head":"<!-- This site is optimized with the Yoast SEO plugin v27.4 - https:\/\/yoast.com\/product\/yoast-seo-wordpress\/ -->\n<title>Kontorst\u00e4d - ralstad.se<\/title>\n<meta name=\"robots\" content=\"index, follow, max-snippet:-1, max-image-preview:large, max-video-preview:-1\" \/>\n<link rel=\"canonical\" href=\"https:\/\/ralstad.se\/sv\/kontorstad\/\" \/>\n<meta property=\"og:locale\" content=\"sv_SE\" \/>\n<meta property=\"og:type\" content=\"article\" \/>\n<meta property=\"og:title\" content=\"Kontorst\u00e4d - ralstad.se\" \/>\n<meta property=\"og:description\" content=\"Kontorsst\u00e4dning Kontorsst\u00e4dning i G\u00f6teborg med omnejd L\u00e5t RAL St\u00e4d AB kontorsst\u00e4dning ta hand om dammr\u00e5ttor och \u00f6verfulla papperskorgar s\u00e5 blir det l\u00e4ttare att koncentrera sig p\u00e5 det som \u00e4r viktigt. V\u00e5r tj\u00e4nst v\u00e4nder sig till b\u00e5de stora och sm\u00e5 kontor, vi skapar en trevligare arbetsmilj\u00f6 f\u00f6r dig och dina kollegor. Vi inleder med ett kostnadsfritt [&hellip;]\" \/>\n<meta property=\"og:url\" content=\"https:\/\/ralstad.se\/sv\/kontorstad\/\" \/>\n<meta property=\"og:site_name\" content=\"ralstad.se\" \/>\n<meta property=\"article:publisher\" content=\"https:\/\/www.facebook.com\/ralstad.se\" \/>\n<meta property=\"article:modified_time\" content=\"2026-04-14T15:21:45+00:00\" \/>\n<meta property=\"og:image\" content=\"https:\/\/ralstad.se\/wp-content\/uploads\/2020\/12\/generic-4.jpg\" \/>\n<meta name=\"twitter:card\" content=\"summary_large_image\" \/>\n<meta name=\"twitter:label1\" content=\"Ber\u00e4knad l\u00e4stid\" \/>\n\t<meta name=\"twitter:data1\" content=\"1 minut\" \/>\n<script type=\"application\/ld+json\" class=\"yoast-schema-graph\">{\"@context\":\"https:\\\/\\\/schema.org\",\"@graph\":[{\"@type\":\"WebPage\",\"@id\":\"https:\\\/\\\/ralstad.se\\\/kontorstad\\\/\",\"url\":\"https:\\\/\\\/ralstad.se\\\/kontorstad\\\/\",\"name\":\"Kontorst\u00e4d - ralstad.se\",\"isPartOf\":{\"@id\":\"https:\\\/\\\/ralstad.se\\\/#website\"},\"primaryImageOfPage\":{\"@id\":\"https:\\\/\\\/ralstad.se\\\/kontorstad\\\/#primaryimage\"},\"image\":{\"@id\":\"https:\\\/\\\/ralstad.se\\\/kontorstad\\\/#primaryimage\"},\"thumbnailUrl\":\"https:\\\/\\\/ralstad.se\\\/wp-content\\\/uploads\\\/2020\\\/12\\\/generic-4.jpg\",\"datePublished\":\"2026-03-23T13:45:20+00:00\",\"dateModified\":\"2026-04-14T15:21:45+00:00\",\"breadcrumb\":{\"@id\":\"https:\\\/\\\/ralstad.se\\\/kontorstad\\\/#breadcrumb\"},\"inLanguage\":\"sv-SE\",\"potentialAction\":[{\"@type\":\"ReadAction\",\"target\":[\"https:\\\/\\\/ralstad.se\\\/kontorstad\\\/\"]}]},{\"@type\":\"ImageObject\",\"inLanguage\":\"sv-SE\",\"@id\":\"https:\\\/\\\/ralstad.se\\\/kontorstad\\\/#primaryimage\",\"url\":\"https:\\\/\\\/ralstad.se\\\/wp-content\\\/uploads\\\/2020\\\/12\\\/generic-4.jpg\",\"contentUrl\":\"https:\\\/\\\/ralstad.se\\\/wp-content\\\/uploads\\\/2020\\\/12\\\/generic-4.jpg\"},{\"@type\":\"BreadcrumbList\",\"@id\":\"https:\\\/\\\/ralstad.se\\\/kontorstad\\\/#breadcrumb\",\"itemListElement\":[{\"@type\":\"ListItem\",\"position\":1,\"name\":\"Home\",\"item\":\"https:\\\/\\\/ralstad.se\\\/sv\\\/\"},{\"@type\":\"ListItem\",\"position\":2,\"name\":\"Kontorst\u00e4d\"}]},{\"@type\":\"WebSite\",\"@id\":\"https:\\\/\\\/ralstad.se\\\/#website\",\"url\":\"https:\\\/\\\/ralstad.se\\\/\",\"name\":\"ralstad.se\",\"description\":\"ralstad.se\",\"publisher\":{\"@id\":\"https:\\\/\\\/ralstad.se\\\/#organization\"},\"potentialAction\":[{\"@type\":\"SearchAction\",\"target\":{\"@type\":\"EntryPoint\",\"urlTemplate\":\"https:\\\/\\\/ralstad.se\\\/?s={search_term_string}\"},\"query-input\":{\"@type\":\"PropertyValueSpecification\",\"valueRequired\":true,\"valueName\":\"search_term_string\"}}],\"inLanguage\":\"sv-SE\"},{\"@type\":\"Organization\",\"@id\":\"https:\\\/\\\/ralstad.se\\\/#organization\",\"name\":\"Ralstad.se\",\"url\":\"https:\\\/\\\/ralstad.se\\\/\",\"logo\":{\"@type\":\"ImageObject\",\"inLanguage\":\"sv-SE\",\"@id\":\"https:\\\/\\\/ralstad.se\\\/#\\\/schema\\\/logo\\\/image\\\/\",\"url\":\"https:\\\/\\\/ralstad.se\\\/wp-content\\\/uploads\\\/2022\\\/10\\\/RalStad-slika.jpg\",\"contentUrl\":\"https:\\\/\\\/ralstad.se\\\/wp-content\\\/uploads\\\/2022\\\/10\\\/RalStad-slika.jpg\",\"width\":950,\"height\":280,\"caption\":\"Ralstad.se\"},\"image\":{\"@id\":\"https:\\\/\\\/ralstad.se\\\/#\\\/schema\\\/logo\\\/image\\\/\"},\"sameAs\":[\"https:\\\/\\\/www.facebook.com\\\/ralstad.se\"]}]}<\/script>\n<!-- \/ Yoast SEO plugin. -->","yoast_head_json":{"title":"Kontorst\u00e4d - ralstad.se","robots":{"index":"index","follow":"follow","max-snippet":"max-snippet:-1","max-image-preview":"max-image-preview:large","max-video-preview":"max-video-preview:-1"},"canonical":"https:\/\/ralstad.se\/sv\/kontorstad\/","og_locale":"sv_SE","og_type":"article","og_title":"Kontorst\u00e4d - ralstad.se","og_description":"Kontorsst\u00e4dning Kontorsst\u00e4dning i G\u00f6teborg med omnejd L\u00e5t RAL St\u00e4d AB kontorsst\u00e4dning ta hand om dammr\u00e5ttor och \u00f6verfulla papperskorgar s\u00e5 blir det l\u00e4ttare att koncentrera sig p\u00e5 det som \u00e4r viktigt. V\u00e5r tj\u00e4nst v\u00e4nder sig till b\u00e5de stora och sm\u00e5 kontor, vi skapar en trevligare arbetsmilj\u00f6 f\u00f6r dig och dina kollegor. Vi inleder med ett kostnadsfritt [&hellip;]","og_url":"https:\/\/ralstad.se\/sv\/kontorstad\/","og_site_name":"ralstad.se","article_publisher":"https:\/\/www.facebook.com\/ralstad.se","article_modified_time":"2026-04-14T15:21:45+00:00","og_image":[{"url":"https:\/\/ralstad.se\/wp-content\/uploads\/2020\/12\/generic-4.jpg","type":"","width":"","height":""}],"twitter_card":"summary_large_image","twitter_misc":{"Ber\u00e4knad l\u00e4stid":"1 minut"},"schema":{"@context":"https:\/\/schema.org","@graph":[{"@type":"WebPage","@id":"https:\/\/ralstad.se\/kontorstad\/","url":"https:\/\/ralstad.se\/kontorstad\/","name":"Kontorst\u00e4d - ralstad.se","isPartOf":{"@id":"https:\/\/ralstad.se\/#website"},"primaryImageOfPage":{"@id":"https:\/\/ralstad.se\/kontorstad\/#primaryimage"},"image":{"@id":"https:\/\/ralstad.se\/kontorstad\/#primaryimage"},"thumbnailUrl":"https:\/\/ralstad.se\/wp-content\/uploads\/2020\/12\/generic-4.jpg","datePublished":"2026-03-23T13:45:20+00:00","dateModified":"2026-04-14T15:21:45+00:00","breadcrumb":{"@id":"https:\/\/ralstad.se\/kontorstad\/#breadcrumb"},"inLanguage":"sv-SE","potentialAction":[{"@type":"ReadAction","target":["https:\/\/ralstad.se\/kontorstad\/"]}]},{"@type":"ImageObject","inLanguage":"sv-SE","@id":"https:\/\/ralstad.se\/kontorstad\/#primaryimage","url":"https:\/\/ralstad.se\/wp-content\/uploads\/2020\/12\/generic-4.jpg","contentUrl":"https:\/\/ralstad.se\/wp-content\/uploads\/2020\/12\/generic-4.jpg"},{"@type":"BreadcrumbList","@id":"https:\/\/ralstad.se\/kontorstad\/#breadcrumb","itemListElement":[{"@type":"ListItem","position":1,"name":"Home","item":"https:\/\/ralstad.se\/sv\/"},{"@type":"ListItem","position":2,"name":"Kontorst\u00e4d"}]},{"@type":"WebSite","@id":"https:\/\/ralstad.se\/#website","url":"https:\/\/ralstad.se\/","name":"ralstad.se","description":"ralstad.se","publisher":{"@id":"https:\/\/ralstad.se\/#organization"},"potentialAction":[{"@type":"SearchAction","target":{"@type":"EntryPoint","urlTemplate":"https:\/\/ralstad.se\/?s={search_term_string}"},"query-input":{"@type":"PropertyValueSpecification","valueRequired":true,"valueName":"search_term_string"}}],"inLanguage":"sv-SE"},{"@type":"Organization","@id":"https:\/\/ralstad.se\/#organization","name":"Ralstad.se","url":"https:\/\/ralstad.se\/","logo":{"@type":"ImageObject","inLanguage":"sv-SE","@id":"https:\/\/ralstad.se\/#\/schema\/logo\/image\/","url":"https:\/\/ralstad.se\/wp-content\/uploads\/2022\/10\/RalStad-slika.jpg","contentUrl":"https:\/\/ralstad.se\/wp-content\/uploads\/2022\/10\/RalStad-slika.jpg","width":950,"height":280,"caption":"Ralstad.se"},"image":{"@id":"https:\/\/ralstad.se\/#\/schema\/logo\/image\/"},"sameAs":["https:\/\/www.facebook.com\/ralstad.se"]}]}},"_links":{"self":[{"href":"https:\/\/ralstad.se\/sv\/wp-json\/wp\/v2\/pages\/4350","targetHints":{"allow":["GET"]}}],"collection":[{"href":"https:\/\/ralstad.se\/sv\/wp-json\/wp\/v2\/pages"}],"about":[{"href":"https:\/\/ralstad.se\/sv\/wp-json\/wp\/v2\/types\/page"}],"author":[{"embeddable":true,"href":"https:\/\/ralstad.se\/sv\/wp-json\/wp\/v2\/users\/2"}],"replies":[{"embeddable":true,"href":"https:\/\/ralstad.se\/sv\/wp-json\/wp\/v2\/comments?post=4350"}],"version-history":[{"count":22,"href":"https:\/\/ralstad.se\/sv\/wp-json\/wp\/v2\/pages\/4350\/revisions"}],"predecessor-version":[{"id":4513,"href":"https:\/\/ralstad.se\/sv\/wp-json\/wp\/v2\/pages\/4350\/revisions\/4513"}],"wp:attachment":[{"href":"https:\/\/ralstad.se\/sv\/wp-json\/wp\/v2\/media?parent=4350"}],"curies":[{"name":"wp","href":"https:\/\/api.w.org\/{rel}","templated":true}]}}