{"id":4317,"date":"2026-01-30T13:00:16","date_gmt":"2026-01-30T13:00:16","guid":{"rendered":"https:\/\/ralstad.se\/?page_id=4317"},"modified":"2026-01-30T13:00:16","modified_gmt":"2026-01-30T13:00:16","slug":"cookies","status":"publish","type":"page","link":"https:\/\/ralstad.se\/sv\/cookies\/","title":{"rendered":"Cookies"},"content":{"rendered":"<h1 style=\"font-weight: 600;\">Cookies<\/h1>\n<p style=\"font-weight: 300;\">Vi anv\u00e4nder cookies p\u00e5 ralstad.se\u00a0 Cookies, eller &#8220;kakor&#8221; p\u00e5 svenska, \u00e4r sm\u00e5 textfiler som lagras i din webbl\u00e4sare n\u00e4r du bes\u00f6ker v\u00e5ra hemsidor, oavsett om du surfar p\u00e5 en dator, mobil, surfplatta eller annan digital enhet. Vi anv\u00e4nder dem f\u00f6r att g\u00f6ra v\u00e5ra webbaserade tj\u00e4nster enklare f\u00f6r dig och v\u00e5ra andra bes\u00f6kare att anv\u00e4nda.<\/p>\n<h3 style=\"font-weight: 600;\">Vilka typer av cookies finns det?<\/h3>\n<p style=\"font-weight: 400;\">Cookies kan beskrivas p\u00e5 olika s\u00e4tt. F\u00f6r det f\u00f6rsta kan man g\u00f6ra skillnad p\u00e5 cookies utifr\u00e5n hur l\u00e4nge de finns kvar i din webbl\u00e4sare.<\/p>\n<p style=\"font-weight: 400;\">Det finns b\u00e5de\u00a0<strong style=\"font-weight: 600;\">sessionscookies<\/strong>\u00a0som raderas varje g\u00e5ng du st\u00e4nger din webbl\u00e4sare och\u00a0<strong style=\"font-weight: 600;\">permanenta cookies<\/strong>\u00a0som lagras i din webbl\u00e4sare under en f\u00f6rutbest\u00e4md period.<\/p>\n<p style=\"font-weight: 400;\">Sessionscookies kan anv\u00e4ndas av en hemsida f\u00f6r att komma ih\u00e5g val som du har gjort under ditt nuvarande bes\u00f6k p\u00e5 hemsidan, exempelvis att du har loggat in eller bes\u00f6kt en viss sida flera g\u00e5nger.<\/p>\n<p style=\"font-weight: 400;\">Permanenta cookies g\u00f6r det m\u00f6jligt f\u00f6r oss att komma ih\u00e5g dig och dina preferenser mellan dina bes\u00f6k, vilket i sin tur kan g\u00f6ra din upplevelse av v\u00e5ra webbplatser mer personlig.<\/p>\n<p>Det finns ocks\u00e5 cookies f\u00f6r olika syften.<\/p>\n<p><strong style=\"font-weight: 600;\">N\u00f6dv\u00e4ndiga\u00a0<\/strong>\u200b<br \/>\nDessa \u00e4r avg\u00f6rande f\u00f6r att en webbplats ska fungera\u00a0korrekt. De m\u00f6jligg\u00f6r till exempel att du kan skicka\u00a0information eller navigera mellan sidor.<\/p>\n<p><strong style=\"font-weight: 600;\">Prestanda<br \/>\n<\/strong>Dessa samlar in information om hur bes\u00f6kare\u00a0anv\u00e4nder en webbplats, som vilka sidor som \u00e4r mest\u00a0popul\u00e4ra. Denna data hj\u00e4lper till att utveckla och\u00a0f\u00f6rb\u00e4ttra anv\u00e4ndarupplevelsen.<\/p>\n<p><strong style=\"font-weight: 600;\">Funktionalitet<br \/>\n<\/strong>Dessa g\u00f6r det m\u00f6jligt f\u00f6r webbplatsen att komma\u00a0ih\u00e5g val du g\u00f6r, som ditt spr\u00e5k eller region, f\u00f6r att ge\u00a0en mer personlig upplevelse.<\/p>\n<p><strong style=\"font-weight: 600;\">Marknadsf\u00f6ring<\/strong>\u200b<br \/>\nDessa anv\u00e4nds f\u00f6r att sp\u00e5ra anv\u00e4ndare \u00f6ver olika\u00a0webbplatser och visa annonser som \u00e4r relevanta f\u00f6r\u00a0deras intressen.<\/p>\n<h3 style=\"font-weight: 600;\">Hur vi anv\u00e4nder cookies<\/h3>\n<p>Vi anv\u00e4nder cookies f\u00f6r att du som bes\u00f6kare ska f\u00e5 en s\u00e5 bra upplevelse av homemaid.se som m\u00f6jligt. En del cookies som beskrivet ovan \u00e4r n\u00f6dv\u00e4ndiga f\u00f6r att du ska kunna anv\u00e4nda webbplatsens funktionalitet fullt ut, medan andra anv\u00e4nds f\u00f6r att f\u00f6rb\u00e4ttra din anv\u00e4ndarupplevelse och underl\u00e4tta navigation p\u00e5 webbplatsen.<\/p>\n<p>Vi anv\u00e4nder \u00e4ven cookies f\u00f6r utv\u00e4rdering av s\u00f6k- och anv\u00e4ndarbeteenden p\u00e5 homemaid.se, f\u00f6r att vi p\u00e5 b\u00e4sta m\u00f6jliga s\u00e4tt ska kunna vidareutveckla tj\u00e4nsten.<\/p>\n<p>HomeMaid anv\u00e4nder sig av Google Analytics f\u00f6r att analysera denna data. Google \u00e4r en av marknadens ledande leverant\u00f6rer av webbstatistik. Google iakttar integritetsskyddet genom att f\u00f6lja de standardavtalsklausuler som EU-kommissionen har tagit fram. Uppgifterna anv\u00e4nds inte f\u00f6r att identifiera enskilda bes\u00f6kare.\u200b<br \/>\n\u200b<br \/>\nHomeMaid anv\u00e4nder cookies f\u00f6r\u00a0att:\u200b<\/p>\n<ul>\n<li data-charcodes=\"8226\" data-font=\"Arial,Sans-Serif\" data-buautonum=\"8\" data-margin=\"270\" data-aria-posinset=\"1\" data-aria-level=\"1\">S\u00e4kra den tekniska\u00a0funktionaliteten och\u00a0anv\u00e4ndningen av sajten<\/li>\n<li data-charcodes=\"8226\" data-font=\"Arial,Sans-Serif\" data-buautonum=\"8\" data-margin=\"270\" data-aria-posinset=\"1\" data-aria-level=\"1\">Utveckla webbplatsen f\u00f6r att\u00a0f\u00f6rb\u00e4ttra upplevelsen av\u00a0hemsidan<\/li>\n<li data-charcodes=\"8226\" data-font=\"Arial,Sans-Serif\" data-buautonum=\"8\" data-margin=\"270\" data-aria-posinset=\"1\" data-aria-level=\"1\">F\u00f6rb\u00e4ttra\u00a0v\u00e5ra digitala tj\u00e4nster<\/li>\n<li data-charcodes=\"8226\" data-font=\"Arial,Sans-Serif\" data-buautonum=\"8\" data-margin=\"270\" data-aria-posinset=\"1\" data-aria-level=\"1\">St\u00f6dja marknadsf\u00f6ringen av\u00a0v\u00e5ra produkter och tj\u00e4nster p\u00e5\u00a0hemsidan<br \/>\n\u200b<\/li>\n<\/ul>\n<h3 style=\"font-weight: 600;\">Hur kan du blockera cookies?<\/h3>\n<p style=\"font-weight: 400;\">Du kan n\u00e4r som helst \u00e4ndra inst\u00e4llningarna p\u00e5 din webbl\u00e4sare s\u00e5 att de inte accepterar anv\u00e4ndningen av cookies eller att du som anv\u00e4ndare varnas s\u00e5 fort en cookie skickas till din dator. Du kan ocks\u00e5 v\u00e4lja att radera alla de cookies som finns lagrade p\u00e5 din dator.<\/p>\n<p style=\"font-weight: 400;\">Hur du tar bort lagrade cookies eller \u00e4ndrar inst\u00e4llningarna f\u00f6r cookies anges i instruktionerna till webbl\u00e4saren eller i den hj\u00e4lpfunktion som de flesta webbl\u00e4sare \u00e4r utrustade med. Om du v\u00e4ljer att blockera de cookies som anv\u00e4nds p\u00e5 v\u00e5r webbplats kan detta p\u00e5verka din upplevelse av v\u00e5r hemsida, till exempel s\u00e5 kommer vissa funktioner inte att fungera.<\/p>\n<h3 style=\"font-weight: 600;\">Fr\u00e5gor om v\u00e5r webbplats<\/h3>\n<p style=\"font-weight: 400;\">Om du har n\u00e5gra fr\u00e5gor om v\u00e5r anv\u00e4ndning av cookies eller n\u00e5gra andra fr\u00e5gor r\u00f6rande din upplevelse av v\u00e5ra webbplatser, v\u00e4nligen\u00a0<a style=\"font-weight: 600;\" href=\"https:\/\/ralstad.se\/sv\/about\/\">kontakta oss<\/a>.<\/p>","protected":false},"excerpt":{"rendered":"<p>Cookies Vi anv\u00e4nder cookies p\u00e5 ralstad.se\u00a0 Cookies, eller &#8220;kakor&#8221; p\u00e5 svenska, \u00e4r sm\u00e5 textfiler som lagras i din webbl\u00e4sare n\u00e4r du bes\u00f6ker v\u00e5ra hemsidor, oavsett om du surfar p\u00e5 en dator, mobil, surfplatta eller annan digital enhet. Vi anv\u00e4nder dem f\u00f6r att g\u00f6ra v\u00e5ra webbaserade tj\u00e4nster enklare f\u00f6r dig och v\u00e5ra andra bes\u00f6kare att anv\u00e4nda. [&hellip;]<\/p>\n","protected":false},"author":2,"featured_media":0,"parent":0,"menu_order":0,"comment_status":"closed","ping_status":"closed","template":"","meta":{"_acf_changed":false,"content-type":"","footnotes":""},"class_list":["post-4317","page","type-page","status-publish","hentry"],"acf":[],"yoast_head":"<!-- This site is optimized with the Yoast SEO plugin v27.4 - https:\/\/yoast.com\/product\/yoast-seo-wordpress\/ -->\n<title>Cookies - ralstad.se<\/title>\n<meta name=\"robots\" content=\"index, follow, max-snippet:-1, max-image-preview:large, max-video-preview:-1\" \/>\n<link rel=\"canonical\" href=\"https:\/\/ralstad.se\/sv\/cookies\/\" \/>\n<meta property=\"og:locale\" content=\"sv_SE\" \/>\n<meta property=\"og:type\" content=\"article\" \/>\n<meta property=\"og:title\" content=\"Cookies - ralstad.se\" \/>\n<meta property=\"og:description\" content=\"Cookies Vi anv\u00e4nder cookies p\u00e5 ralstad.se\u00a0 Cookies, eller &#8220;kakor&#8221; p\u00e5 svenska, \u00e4r sm\u00e5 textfiler som lagras i din webbl\u00e4sare n\u00e4r du bes\u00f6ker v\u00e5ra hemsidor, oavsett om du surfar p\u00e5 en dator, mobil, surfplatta eller annan digital enhet. Vi anv\u00e4nder dem f\u00f6r att g\u00f6ra v\u00e5ra webbaserade tj\u00e4nster enklare f\u00f6r dig och v\u00e5ra andra bes\u00f6kare att anv\u00e4nda. [&hellip;]\" \/>\n<meta property=\"og:url\" content=\"https:\/\/ralstad.se\/sv\/cookies\/\" \/>\n<meta property=\"og:site_name\" content=\"ralstad.se\" \/>\n<meta property=\"article:publisher\" content=\"https:\/\/www.facebook.com\/ralstad.se\" \/>\n<meta property=\"og:image\" content=\"https:\/\/ralstad.se\/wp-content\/uploads\/2022\/10\/RalStad-slika.jpg\" \/>\n\t<meta property=\"og:image:width\" content=\"950\" \/>\n\t<meta property=\"og:image:height\" content=\"280\" \/>\n\t<meta property=\"og:image:type\" content=\"image\/jpeg\" \/>\n<meta name=\"twitter:card\" content=\"summary_large_image\" \/>\n<meta name=\"twitter:label1\" content=\"Ber\u00e4knad l\u00e4stid\" \/>\n\t<meta name=\"twitter:data1\" content=\"3 minuter\" \/>\n<script type=\"application\/ld+json\" class=\"yoast-schema-graph\">{\"@context\":\"https:\\\/\\\/schema.org\",\"@graph\":[{\"@type\":\"WebPage\",\"@id\":\"https:\\\/\\\/ralstad.se\\\/cookies\\\/\",\"url\":\"https:\\\/\\\/ralstad.se\\\/cookies\\\/\",\"name\":\"Cookies - ralstad.se\",\"isPartOf\":{\"@id\":\"https:\\\/\\\/ralstad.se\\\/#website\"},\"datePublished\":\"2026-01-30T13:00:16+00:00\",\"breadcrumb\":{\"@id\":\"https:\\\/\\\/ralstad.se\\\/cookies\\\/#breadcrumb\"},\"inLanguage\":\"sv-SE\",\"potentialAction\":[{\"@type\":\"ReadAction\",\"target\":[\"https:\\\/\\\/ralstad.se\\\/cookies\\\/\"]}]},{\"@type\":\"BreadcrumbList\",\"@id\":\"https:\\\/\\\/ralstad.se\\\/cookies\\\/#breadcrumb\",\"itemListElement\":[{\"@type\":\"ListItem\",\"position\":1,\"name\":\"Home\",\"item\":\"https:\\\/\\\/ralstad.se\\\/sv\\\/\"},{\"@type\":\"ListItem\",\"position\":2,\"name\":\"Cookies\"}]},{\"@type\":\"WebSite\",\"@id\":\"https:\\\/\\\/ralstad.se\\\/#website\",\"url\":\"https:\\\/\\\/ralstad.se\\\/\",\"name\":\"ralstad.se\",\"description\":\"ralstad.se\",\"publisher\":{\"@id\":\"https:\\\/\\\/ralstad.se\\\/#organization\"},\"potentialAction\":[{\"@type\":\"SearchAction\",\"target\":{\"@type\":\"EntryPoint\",\"urlTemplate\":\"https:\\\/\\\/ralstad.se\\\/?s={search_term_string}\"},\"query-input\":{\"@type\":\"PropertyValueSpecification\",\"valueRequired\":true,\"valueName\":\"search_term_string\"}}],\"inLanguage\":\"sv-SE\"},{\"@type\":\"Organization\",\"@id\":\"https:\\\/\\\/ralstad.se\\\/#organization\",\"name\":\"Ralstad.se\",\"url\":\"https:\\\/\\\/ralstad.se\\\/\",\"logo\":{\"@type\":\"ImageObject\",\"inLanguage\":\"sv-SE\",\"@id\":\"https:\\\/\\\/ralstad.se\\\/#\\\/schema\\\/logo\\\/image\\\/\",\"url\":\"https:\\\/\\\/ralstad.se\\\/wp-content\\\/uploads\\\/2022\\\/10\\\/RalStad-slika.jpg\",\"contentUrl\":\"https:\\\/\\\/ralstad.se\\\/wp-content\\\/uploads\\\/2022\\\/10\\\/RalStad-slika.jpg\",\"width\":950,\"height\":280,\"caption\":\"Ralstad.se\"},\"image\":{\"@id\":\"https:\\\/\\\/ralstad.se\\\/#\\\/schema\\\/logo\\\/image\\\/\"},\"sameAs\":[\"https:\\\/\\\/www.facebook.com\\\/ralstad.se\"]}]}<\/script>\n<!-- \/ Yoast SEO plugin. -->","yoast_head_json":{"title":"Cookies - ralstad.se","robots":{"index":"index","follow":"follow","max-snippet":"max-snippet:-1","max-image-preview":"max-image-preview:large","max-video-preview":"max-video-preview:-1"},"canonical":"https:\/\/ralstad.se\/sv\/cookies\/","og_locale":"sv_SE","og_type":"article","og_title":"Cookies - ralstad.se","og_description":"Cookies Vi anv\u00e4nder cookies p\u00e5 ralstad.se\u00a0 Cookies, eller &#8220;kakor&#8221; p\u00e5 svenska, \u00e4r sm\u00e5 textfiler som lagras i din webbl\u00e4sare n\u00e4r du bes\u00f6ker v\u00e5ra hemsidor, oavsett om du surfar p\u00e5 en dator, mobil, surfplatta eller annan digital enhet. Vi anv\u00e4nder dem f\u00f6r att g\u00f6ra v\u00e5ra webbaserade tj\u00e4nster enklare f\u00f6r dig och v\u00e5ra andra bes\u00f6kare att anv\u00e4nda. [&hellip;]","og_url":"https:\/\/ralstad.se\/sv\/cookies\/","og_site_name":"ralstad.se","article_publisher":"https:\/\/www.facebook.com\/ralstad.se","og_image":[{"width":950,"height":280,"url":"https:\/\/ralstad.se\/wp-content\/uploads\/2022\/10\/RalStad-slika.jpg","type":"image\/jpeg"}],"twitter_card":"summary_large_image","twitter_misc":{"Ber\u00e4knad l\u00e4stid":"3 minuter"},"schema":{"@context":"https:\/\/schema.org","@graph":[{"@type":"WebPage","@id":"https:\/\/ralstad.se\/cookies\/","url":"https:\/\/ralstad.se\/cookies\/","name":"Cookies - ralstad.se","isPartOf":{"@id":"https:\/\/ralstad.se\/#website"},"datePublished":"2026-01-30T13:00:16+00:00","breadcrumb":{"@id":"https:\/\/ralstad.se\/cookies\/#breadcrumb"},"inLanguage":"sv-SE","potentialAction":[{"@type":"ReadAction","target":["https:\/\/ralstad.se\/cookies\/"]}]},{"@type":"BreadcrumbList","@id":"https:\/\/ralstad.se\/cookies\/#breadcrumb","itemListElement":[{"@type":"ListItem","position":1,"name":"Home","item":"https:\/\/ralstad.se\/sv\/"},{"@type":"ListItem","position":2,"name":"Cookies"}]},{"@type":"WebSite","@id":"https:\/\/ralstad.se\/#website","url":"https:\/\/ralstad.se\/","name":"ralstad.se","description":"ralstad.se","publisher":{"@id":"https:\/\/ralstad.se\/#organization"},"potentialAction":[{"@type":"SearchAction","target":{"@type":"EntryPoint","urlTemplate":"https:\/\/ralstad.se\/?s={search_term_string}"},"query-input":{"@type":"PropertyValueSpecification","valueRequired":true,"valueName":"search_term_string"}}],"inLanguage":"sv-SE"},{"@type":"Organization","@id":"https:\/\/ralstad.se\/#organization","name":"Ralstad.se","url":"https:\/\/ralstad.se\/","logo":{"@type":"ImageObject","inLanguage":"sv-SE","@id":"https:\/\/ralstad.se\/#\/schema\/logo\/image\/","url":"https:\/\/ralstad.se\/wp-content\/uploads\/2022\/10\/RalStad-slika.jpg","contentUrl":"https:\/\/ralstad.se\/wp-content\/uploads\/2022\/10\/RalStad-slika.jpg","width":950,"height":280,"caption":"Ralstad.se"},"image":{"@id":"https:\/\/ralstad.se\/#\/schema\/logo\/image\/"},"sameAs":["https:\/\/www.facebook.com\/ralstad.se"]}]}},"_links":{"self":[{"href":"https:\/\/ralstad.se\/sv\/wp-json\/wp\/v2\/pages\/4317","targetHints":{"allow":["GET"]}}],"collection":[{"href":"https:\/\/ralstad.se\/sv\/wp-json\/wp\/v2\/pages"}],"about":[{"href":"https:\/\/ralstad.se\/sv\/wp-json\/wp\/v2\/types\/page"}],"author":[{"embeddable":true,"href":"https:\/\/ralstad.se\/sv\/wp-json\/wp\/v2\/users\/2"}],"replies":[{"embeddable":true,"href":"https:\/\/ralstad.se\/sv\/wp-json\/wp\/v2\/comments?post=4317"}],"version-history":[{"count":1,"href":"https:\/\/ralstad.se\/sv\/wp-json\/wp\/v2\/pages\/4317\/revisions"}],"predecessor-version":[{"id":4318,"href":"https:\/\/ralstad.se\/sv\/wp-json\/wp\/v2\/pages\/4317\/revisions\/4318"}],"wp:attachment":[{"href":"https:\/\/ralstad.se\/sv\/wp-json\/wp\/v2\/media?parent=4317"}],"curies":[{"name":"wp","href":"https:\/\/api.w.org\/{rel}","templated":true}]}}